{"id":546,"date":"2018-04-11T17:19:39","date_gmt":"2018-04-12T00:19:39","guid":{"rendered":"http:\/\/blogs.reed.edu\/langlabbies\/?page_id=546"},"modified":"2025-09-05T16:46:23","modified_gmt":"2025-09-05T23:46:23","slug":"about","status":"publish","type":"page","link":"https:\/\/blogs.reed.edu\/langlabbies\/about\/","title":{"rendered":"About the Language Lab"},"content":{"rendered":"<h1 style=\"text-align: center;\">Welcome!<\/h1>\n<p>Our Location: Library lower level next to the IMC<\/p>\n<p>Hours Open: The Language Lab is open for the fall semester with the same hours as the <a href=\"https:\/\/library.reed.edu\/imc\/\" target=\"_blank\" rel=\"noopener\">IMC<\/a>!<\/p>\n<p>Please check out our <a href=\"http:\/\/www.reed.edu\/language_resources\/\" target=\"_blank\" rel=\"noopener noreferrer\">website<\/a> for more Language Lab information.<\/p>\n<h1 style=\"text-align: center;\">Language Lab Staff<\/h1>\n<p style=\"text-align: left;\">Contact us at our group email: langlabbies(at)groups.reed.edu<br \/>Feel free to reach out to individual Langlabbies and we will get back to you during our hours of operation.<\/p>\n<div style=\"width: 60%; padding: 0 10px 0 0; float: right;\">\u00a0<\/div>\n\n\n<p><\/p>\n\n\n\n<hr class=\"wp-block-separator has-alpha-channel-opacity\"\/>\n\n\n\n<figure class=\"wp-block-image size-large\"><a href=\"https:\/\/blogs.reed.edu\/langlabbies\/files\/2023\/10\/IMG_2127.png\"><img loading=\"lazy\" decoding=\"async\" width=\"1024\" height=\"768\" src=\"https:\/\/blogs.reed.edu\/langlabbies\/files\/2023\/10\/IMG_2127-1024x768.png\" alt=\"\" class=\"wp-image-1638\" srcset=\"https:\/\/blogs.reed.edu\/langlabbies\/files\/2023\/10\/IMG_2127-1024x768.png 1024w, https:\/\/blogs.reed.edu\/langlabbies\/files\/2023\/10\/IMG_2127-300x225.png 300w, https:\/\/blogs.reed.edu\/langlabbies\/files\/2023\/10\/IMG_2127-768x576.png 768w, https:\/\/blogs.reed.edu\/langlabbies\/files\/2023\/10\/IMG_2127-1536x1152.png 1536w, https:\/\/blogs.reed.edu\/langlabbies\/files\/2023\/10\/IMG_2127-2048x1536.png 2048w\" sizes=\"auto, (max-width: 767px) 89vw, (max-width: 1000px) 54vw, (max-width: 1071px) 543px, 580px\" \/><\/a><\/figure>\n\n\n\n<p>Hi there! I\u2019m Sara and I\u2019m a physics major (sounds terrifying, I know) who is deeply interested in history, astrophysics, journalism and anything radioactive. I was raised in a multilingual country, so learning languages has been the backbone of my childhood! <\/p>\n\n\n\n<pre class=\"wp-block-preformatted has-background\" style=\"background-color:#e9eaeb\"><strong>Languages<\/strong>: Russian (first language), Kazakh (native) German (B1), English (like duh...)<br><br><strong>Favorite post-Soviet\/Russian music:<\/strong> Viktor Tsoi, Moldanazar, Ivan Dorn<br><br><strong>Favorite reads<\/strong>: \"Christmas\" by Vladimir Nabokov and Bulgakov\u2019s \u201cDevil Eggs\"<br><br><strong>Favorite Spot on Campus<\/strong>: Thesis tower :) <\/pre>\n\n\n\n<hr class=\"wp-block-separator has-alpha-channel-opacity\"\/>\n\n\n\n<figure class=\"wp-block-image size-large\"><a href=\"https:\/\/blogs.reed.edu\/langlabbies\/files\/2025\/09\/1177c445-1089-42c9-8938-e64ef20778dd.jpg\"><img loading=\"lazy\" decoding=\"async\" width=\"1024\" height=\"911\" src=\"https:\/\/blogs.reed.edu\/langlabbies\/files\/2025\/09\/1177c445-1089-42c9-8938-e64ef20778dd-1024x911.jpg\" alt=\"\" class=\"wp-image-2130\" srcset=\"https:\/\/blogs.reed.edu\/langlabbies\/files\/2025\/09\/1177c445-1089-42c9-8938-e64ef20778dd-1024x911.jpg 1024w, https:\/\/blogs.reed.edu\/langlabbies\/files\/2025\/09\/1177c445-1089-42c9-8938-e64ef20778dd-300x267.jpg 300w, https:\/\/blogs.reed.edu\/langlabbies\/files\/2025\/09\/1177c445-1089-42c9-8938-e64ef20778dd-768x684.jpg 768w, https:\/\/blogs.reed.edu\/langlabbies\/files\/2025\/09\/1177c445-1089-42c9-8938-e64ef20778dd.jpg 1200w\" sizes=\"auto, (max-width: 767px) 89vw, (max-width: 1000px) 54vw, (max-width: 1071px) 543px, 580px\" \/><\/a><\/figure>\n\n\n\n<p>Hi! I\u2019m Leilani (she\/her) and I\u2019m a senior studying Comparative Literature with an allied field in Linguistics. I grew up in a multilingual community on the island of Kaua\u2018i, Hawai\u2018i, and I hope to share my love for learning languages with others!<\/p>\n\n\n\n<pre class=\"wp-block-preformatted\"><strong>Languages<\/strong>: English (native), French (C1), Chinese (B1), Japanese (A1), Tagalog (A1), Spanish (just starting!)<br><br><strong>Favorite Chinese hype song:<\/strong> \u661f\u671f\u4e94\u665a\u4e0a - Energy<br><br><strong>Currently reading<\/strong>: L'\u00eele des r\u00eaves \u00e9cras\u00e9s by Chantal Spitz<br><br><strong>Favorite spot on campus<\/strong>: The Multicultural Resource Center<\/pre>\n\n\n\n<hr class=\"wp-block-separator has-alpha-channel-opacity\"\/>\n\n\n\n\n\n<p>Hi my name is Nina, I\u2019m a junior Art History major and Spanish Minor. I love to dance, knit, play rugby, and travel.&nbsp;<\/p>\n\n\n\n<pre class=\"wp-block-preformatted\"><strong>Favorite Spot on Campus: <\/strong>Multicultural Resource Center<br><br><strong>Favorite Book: <\/strong>Black Sun by Rebecca Roanhorse (everyone needs to read)<br><br><strong>Favorite Show: <\/strong>The Diplomat (THE DRAMA)<br><br><strong>Languages: <\/strong>Spanish, Beginner Norwegian, Hebrew (only reading and writing)<\/pre>\n\n\n\n<hr class=\"wp-block-separator has-alpha-channel-opacity\"\/>\n\n\n\n<figure class=\"wp-block-image size-full\"><a href=\"https:\/\/blogs.reed.edu\/langlabbies\/files\/2025\/09\/image.png\"><img loading=\"lazy\" decoding=\"async\" width=\"770\" height=\"934\" src=\"https:\/\/blogs.reed.edu\/langlabbies\/files\/2025\/09\/image.png\" alt=\"\" class=\"wp-image-2127\" srcset=\"https:\/\/blogs.reed.edu\/langlabbies\/files\/2025\/09\/image.png 770w, https:\/\/blogs.reed.edu\/langlabbies\/files\/2025\/09\/image-247x300.png 247w, https:\/\/blogs.reed.edu\/langlabbies\/files\/2025\/09\/image-768x932.png 768w\" sizes=\"auto, (max-width: 767px) 89vw, (max-width: 1000px) 54vw, (max-width: 1071px) 543px, 580px\" \/><\/a><\/figure>\n\n\n\n<p>Hello! I\u2019m Daphn\u00e9 (she\/her) and I\u2019m a senior Comparative Literature major. I was a Lang Labbie for freshman and sophomore year until I went abroad for a year and I am so glad to be back! In my spare time I like playing card games and dancing.<\/p>\n\n\n\n<pre class=\"wp-block-preformatted\"><strong>Languages:<\/strong> French (native), English (native), Spanish, Arabic (A2), conversational Catalan, and I just took a (beginner) summer Japanese intensive! \u697d\u3057\u304b\u3063\u305f\u3067\u3059 :)<br><br><strong>Favourite place on campus: <\/strong>amphitheatre<br><br><strong>Recent favourite books:<\/strong> Butter by Asako Yuzuki and La mala costumbre by Alana Portero<br><br><strong>Favourite show currently:<\/strong> Samuel (Arte production available on YouTube!)<\/pre>\n","protected":false},"excerpt":{"rendered":"<p>Welcome! Our Location: Library lower level next to the IMC Hours Open: The Language Lab is open for the fall semester with the same hours as the IMC! Please check out our website for more Language Lab information. Language Lab Staff Contact us at our group email: langlabbies(at)groups.reed.eduFeel free to reach out to individual Langlabbies &hellip; <\/p>\n<p class=\"link-more\"><a href=\"https:\/\/blogs.reed.edu\/langlabbies\/about\/\" class=\"more-link\">Continue reading<span class=\"screen-reader-text\"> &#8220;About the Language Lab&#8221;<\/span><\/a><\/p>\n","protected":false},"author":1249,"featured_media":0,"parent":0,"menu_order":0,"comment_status":"closed","ping_status":"closed","template":"","meta":{"footnotes":""},"class_list":["post-546","page","type-page","status-publish","hentry"],"_links":{"self":[{"href":"https:\/\/blogs.reed.edu\/langlabbies\/wp-json\/wp\/v2\/pages\/546","targetHints":{"allow":["GET"]}}],"collection":[{"href":"https:\/\/blogs.reed.edu\/langlabbies\/wp-json\/wp\/v2\/pages"}],"about":[{"href":"https:\/\/blogs.reed.edu\/langlabbies\/wp-json\/wp\/v2\/types\/page"}],"author":[{"embeddable":true,"href":"https:\/\/blogs.reed.edu\/langlabbies\/wp-json\/wp\/v2\/users\/1249"}],"replies":[{"embeddable":true,"href":"https:\/\/blogs.reed.edu\/langlabbies\/wp-json\/wp\/v2\/comments?post=546"}],"version-history":[{"count":120,"href":"https:\/\/blogs.reed.edu\/langlabbies\/wp-json\/wp\/v2\/pages\/546\/revisions"}],"predecessor-version":[{"id":2136,"href":"https:\/\/blogs.reed.edu\/langlabbies\/wp-json\/wp\/v2\/pages\/546\/revisions\/2136"}],"wp:attachment":[{"href":"https:\/\/blogs.reed.edu\/langlabbies\/wp-json\/wp\/v2\/media?parent=546"}],"curies":[{"name":"wp","href":"https:\/\/api.w.org\/{rel}","templated":true}]}}